{"id":5,"date":"2022-05-03T08:34:35","date_gmt":"2022-05-03T08:34:35","guid":{"rendered":"https:\/\/matricula.escolamestral.cat\/?page_id=5"},"modified":"2025-06-03T08:39:44","modified_gmt":"2025-06-03T08:39:44","slug":"matricula-escola-mestral-sccl","status":"publish","type":"page","link":"https:\/\/matricula.escolamestral.cat\/","title":{"rendered":"Matricula"},"content":{"rendered":"\t\t<div data-elementor-type=\"wp-page\" data-elementor-id=\"5\" class=\"elementor elementor-5\">\n\t\t\t\t\t\t<section class=\"elementor-section elementor-top-section elementor-element elementor-element-bdc19a1 elementor-section-boxed elementor-section-height-default elementor-section-height-default\" data-id=\"bdc19a1\" data-element_type=\"section\" data-e-type=\"section\">\n\t\t\t\t\t\t<div class=\"elementor-container elementor-column-gap-default\">\n\t\t\t\t\t<div class=\"elementor-column elementor-col-100 elementor-top-column elementor-element elementor-element-445ee79\" data-id=\"445ee79\" data-element_type=\"column\" data-e-type=\"column\">\n\t\t\t<div class=\"elementor-widget-wrap elementor-element-populated\">\n\t\t\t\t\t\t<div class=\"elementor-element elementor-element-6b92ab5 elementor-widget elementor-widget-heading\" data-id=\"6b92ab5\" data-element_type=\"widget\" data-e-type=\"widget\" data-widget_type=\"heading.default\">\n\t\t\t\t<div class=\"elementor-widget-container\">\n\t\t\t\t\t<h2 class=\"elementor-heading-title elementor-size-large\">Curs 2025-2026<br><br>\nIntercanvi de dades Matr\u00edcula <\/h2>\t\t\t\t<\/div>\n\t\t\t\t<\/div>\n\t\t\t\t\t<\/div>\n\t\t<\/div>\n\t\t\t\t\t<\/div>\n\t\t<\/section>\n\t\t\t\t<section class=\"elementor-section elementor-top-section elementor-element elementor-element-3692f3a elementor-section-boxed elementor-section-height-default elementor-section-height-default\" data-id=\"3692f3a\" data-element_type=\"section\" data-e-type=\"section\">\n\t\t\t\t\t\t<div class=\"elementor-container elementor-column-gap-default\">\n\t\t\t\t\t<div class=\"elementor-column elementor-col-100 elementor-top-column elementor-element elementor-element-1dca2217\" data-id=\"1dca2217\" data-element_type=\"column\" data-e-type=\"column\">\n\t\t\t<div class=\"elementor-widget-wrap elementor-element-populated\">\n\t\t\t\t\t\t<div class=\"elementor-element elementor-element-414e126 elementor-widget elementor-widget-text-editor\" data-id=\"414e126\" data-element_type=\"widget\" data-e-type=\"widget\" data-widget_type=\"text-editor.default\">\n\t\t\t\t<div class=\"elementor-widget-container\">\n\t\t\t\t\t\t\t\t\t<p>Els preguem lliurin a trav\u00e9s d&#8217;aquesta plataforma de l&#8217;Escola del 25 de juny al 3 de juliol (Infantil, Prim\u00e0ria, ESO i Batxillerat) aquesta documentaci\u00f3 emplenada i si cal signada, per poder formalitzar la matr\u00edcula del seu fill\/a.<\/p><p>Dels documents descarregables en trobareu uns d&#8217;informatius i d&#8217;altres emplenables, <b>pengin \u00fanicament els emplenables<\/b>.<\/p><p>Poden utilitzar signatura digital amb un visor PDF compatible com Adobe o b\u00e9 imprimir, signar manualment i escanejar i\/o fotografiar<\/p>\t\t\t\t\t\t\t\t<\/div>\n\t\t\t\t<\/div>\n\t\t\t\t<div class=\"elementor-element elementor-element-21388fdf elementor-widget elementor-widget-text-editor\" data-id=\"21388fdf\" data-element_type=\"widget\" data-e-type=\"widget\" data-widget_type=\"text-editor.default\">\n\t\t\t\t<div class=\"elementor-widget-container\">\n\t\t\t\t\t\t\t\t\t<p><span style=\"color: var( --e-global-color-text ); font-family: var( --e-global-typography-text-font-family ), Sans-serif; font-weight: var( --e-global-typography-text-font-weight ); font-size: 1rem;\">Tinguin preparats els seg\u00fcents documents <\/span><span style=\"color: var( --e-global-color-text ); font-family: var( --e-global-typography-text-font-family ), Sans-serif; font-weight: var( --e-global-typography-text-font-weight ); font-size: 1rem;\">per a la matr\u00edcula;\u00a0<\/span>\u00a0<span style=\"color: var( --e-global-color-text ); font-family: var( --e-global-typography-text-font-family ), Sans-serif; font-weight: var( --e-global-typography-text-font-weight ); font-size: 1rem;\">(<strong>descarregueu i empleneu els documents per penjar al punt 4 d&#8217;aquesta p\u00e0gina<\/strong>)<\/span><\/p><p><span style=\"color: var( --e-global-color-text ); font-family: var( --e-global-typography-text-font-family ), Sans-serif; font-weight: var( --e-global-typography-text-font-weight ); font-size: 1rem;\">1 &#8211; Documentaci\u00f3 de <\/span><span style=\"color: var( --e-global-color-text ); font-family: var( --e-global-typography-text-font-family ), Sans-serif; font-size: 1rem;\"><b>l&#8217;alumne\/a\u00a0<\/b><\/span><span style=\"color: var( --e-global-color-text ); font-family: var( --e-global-typography-text-font-family ), Sans-serif; font-weight: var( --e-global-typography-text-font-weight ); font-size: 1rem;\">per a totes les etapes:<\/span><\/p><ul><li>Fotografia carnet<\/li><li>Fotoc\u00f2pia DNI tutors<\/li><li>Fotoc\u00f2pia llibre de fam\u00edlia (totes les p\u00e0gines)<\/li><li>Fotoc\u00f2pia de la targeta sanit\u00e0ria<\/li><li>Fotoc\u00f2pia del llibre de vacunacions<\/li><li><a href=\"https:\/\/matricula.escolamestral.cat\/wp-content\/uploads\/2022\/05\/Carta-de-compromis-educatiu-per-retornar.pdf\" target=\"_blank\" rel=\"noopener\">Carta de comprom\u00eds educatiu<\/a>\u00a0(signat pels dos tutors)<\/li><li><a href=\"https:\/\/matricula.escolamestral.cat\/wp-content\/uploads\/2022\/05\/Dades-generals-alumnes-fins-14anys.pdf\" target=\"_blank\" rel=\"noopener\">Dades generals &#8211; alumnes fins 14 anys<\/a>\u00a0(totes les fitxes emplenades i signades pels dos tutors)<\/li><li><a href=\"https:\/\/matricula.escolamestral.cat\/wp-content\/uploads\/2022\/05\/Dades-generals-alumnes-mes-de-14anys.pdf\" target=\"_blank\" rel=\"noopener\">Dades generals &#8211; alumnes m\u00e9s de 14 anys<\/a>\u00a0(totes les fitxes emplenades i signades pels dos tutors)<\/li><\/ul>\t\t\t\t\t\t\t\t<\/div>\n\t\t\t\t<\/div>\n\t\t\t\t<div class=\"elementor-element elementor-element-e4db34b elementor-widget elementor-widget-text-editor\" data-id=\"e4db34b\" data-element_type=\"widget\" data-e-type=\"widget\" data-widget_type=\"text-editor.default\">\n\t\t\t\t<div class=\"elementor-widget-container\">\n\t\t\t\t\t\t\t\t\t<p>2 &#8211;\u00a0<span style=\"color: var( --e-global-color-text ); font-family: var( --e-global-typography-text-font-family ), Sans-serif; font-weight: var( --e-global-typography-text-font-weight ); font-size: 1rem;\">Documents addicionals <\/span><span style=\"color: var( --e-global-color-text ); font-family: var( --e-global-typography-text-font-family ), Sans-serif; font-size: 1rem;\"><b>depenent de l&#8217;etapa d&#8217;incorporaci\u00f3<\/b><\/span><span style=\"color: var( --e-global-color-text ); font-family: var( --e-global-typography-text-font-family ), Sans-serif; font-weight: var( --e-global-typography-text-font-weight ); font-size: 1rem;\">:<\/span><\/p>\t\t\t\t\t\t\t\t<\/div>\n\t\t\t\t<\/div>\n\t\t\t\t<div class=\"elementor-element elementor-element-8a24f37 elementor-tabs-view-horizontal elementor-widget elementor-widget-tabs\" data-id=\"8a24f37\" data-element_type=\"widget\" data-e-type=\"widget\" data-widget_type=\"tabs.default\">\n\t\t\t\t<div class=\"elementor-widget-container\">\n\t\t\t\t\t\t\t<div class=\"elementor-tabs\">\n\t\t\t<div class=\"elementor-tabs-wrapper\" role=\"tablist\" >\n\t\t\t\t\t\t\t\t\t<div id=\"elementor-tab-title-1441\" class=\"elementor-tab-title elementor-tab-desktop-title\" aria-selected=\"true\" data-tab=\"1\" role=\"tab\" tabindex=\"0\" aria-controls=\"elementor-tab-content-1441\" aria-expanded=\"false\">Prim\u00e0ria<\/div>\n\t\t\t\t\t\t\t\t\t<div id=\"elementor-tab-title-1442\" class=\"elementor-tab-title elementor-tab-desktop-title\" aria-selected=\"false\" data-tab=\"2\" role=\"tab\" tabindex=\"-1\" aria-controls=\"elementor-tab-content-1442\" aria-expanded=\"false\">ESO<\/div>\n\t\t\t\t\t\t\t\t\t<div id=\"elementor-tab-title-1443\" class=\"elementor-tab-title elementor-tab-desktop-title\" aria-selected=\"false\" data-tab=\"3\" role=\"tab\" tabindex=\"-1\" aria-controls=\"elementor-tab-content-1443\" aria-expanded=\"false\">Batxillerat<\/div>\n\t\t\t\t\t\t\t<\/div>\n\t\t\t<div class=\"elementor-tabs-content-wrapper\" role=\"tablist\" aria-orientation=\"vertical\">\n\t\t\t\t\t\t\t\t\t<div class=\"elementor-tab-title elementor-tab-mobile-title\" aria-selected=\"true\" data-tab=\"1\" role=\"tab\" tabindex=\"0\" aria-controls=\"elementor-tab-content-1441\" aria-expanded=\"false\">Prim\u00e0ria<\/div>\n\t\t\t\t\t<div id=\"elementor-tab-content-1441\" class=\"elementor-tab-content elementor-clearfix\" data-tab=\"1\" role=\"tabpanel\" aria-labelledby=\"elementor-tab-title-1441\" tabindex=\"0\" hidden=\"false\"><ul style=\"font-size: 16px; background-color: #ffffff;\"><li style=\"font-size: 16px;\"><span style=\"background-color: transparent; color: var( --e-global-color-text ); font-family: var( --e-global-typography-text-font-family ), Sans-serif; font-weight: var( --e-global-typography-text-font-weight );\">Informe final darrer curs<\/span><\/li><\/ul><\/div>\n\t\t\t\t\t\t\t\t\t<div class=\"elementor-tab-title elementor-tab-mobile-title\" aria-selected=\"false\" data-tab=\"2\" role=\"tab\" tabindex=\"-1\" aria-controls=\"elementor-tab-content-1442\" aria-expanded=\"false\">ESO<\/div>\n\t\t\t\t\t<div id=\"elementor-tab-content-1442\" class=\"elementor-tab-content elementor-clearfix\" data-tab=\"2\" role=\"tabpanel\" aria-labelledby=\"elementor-tab-title-1442\" tabindex=\"0\" hidden=\"hidden\"><ul style=\"background-color: #ffffff;\"><li><span style=\"background-color: transparent; color: var( --e-global-color-text ); font-family: var( --e-global-typography-text-font-family ), Sans-serif; font-weight: var( --e-global-typography-text-font-weight );\">Fotoc\u00f2pia DNI de l&#8217;alumne\/a<\/span><\/li><li><span style=\"background-color: transparent; color: var( --e-global-color-text ); font-family: var( --e-global-typography-text-font-family ), Sans-serif; font-weight: var( --e-global-typography-text-font-weight );\">Informe final darrer curs<\/span><\/li><li>Resultats compet\u00e8ncies b\u00e0siques de 6\u00e8 Prim\u00e0ria (alumnes 1r d\u2019ESO)<\/li><\/ul><\/div>\n\t\t\t\t\t\t\t\t\t<div class=\"elementor-tab-title elementor-tab-mobile-title\" aria-selected=\"false\" data-tab=\"3\" role=\"tab\" tabindex=\"-1\" aria-controls=\"elementor-tab-content-1443\" aria-expanded=\"false\">Batxillerat<\/div>\n\t\t\t\t\t<div id=\"elementor-tab-content-1443\" class=\"elementor-tab-content elementor-clearfix\" data-tab=\"3\" role=\"tabpanel\" aria-labelledby=\"elementor-tab-title-1443\" tabindex=\"0\" hidden=\"hidden\"><ul style=\"font-size: 16px; background-color: #ffffff;\"><li style=\"font-size: 16px;\"><span style=\"background-color: transparent; color: var( --e-global-color-text ); font-family: var( --e-global-typography-text-font-family ), Sans-serif; font-weight: var( --e-global-typography-text-font-weight );\">Fotoc\u00f2pia DNI de l&#8217;alumne\/a<\/span><\/li><li style=\"font-size: 16px;\"><span style=\"background-color: transparent; color: var( --e-global-color-text ); font-family: var( --e-global-typography-text-font-family ), Sans-serif; font-weight: var( --e-global-typography-text-font-weight );\">Notes cursos d\u2019ESO i resguard t\u00edtol ESO (finals de juny)<\/span><\/li><li style=\"font-size: 16px;\">Resultats compet\u00e8ncies b\u00e0siques 4t d\u2019ESO (alumnes 1r Batxillerat)<\/li><\/ul><\/div>\n\t\t\t\t\t\t\t<\/div>\n\t\t<\/div>\n\t\t\t\t\t\t<\/div>\n\t\t\t\t<\/div>\n\t\t\t\t<div class=\"elementor-element elementor-element-06a4c84 elementor-widget elementor-widget-heading\" data-id=\"06a4c84\" data-element_type=\"widget\" data-e-type=\"widget\" data-widget_type=\"heading.default\">\n\t\t\t\t<div class=\"elementor-widget-container\">\n\t\t\t\t\t<h2 class=\"elementor-heading-title elementor-size-default\">Intercanvi de dades de Cooperativa<\/h2>\t\t\t\t<\/div>\n\t\t\t\t<\/div>\n\t\t\t\t<div class=\"elementor-element elementor-element-e96838a elementor-widget elementor-widget-text-editor\" data-id=\"e96838a\" data-element_type=\"widget\" data-e-type=\"widget\" data-widget_type=\"text-editor.default\">\n\t\t\t\t<div class=\"elementor-widget-container\">\n\t\t\t\t\t\t\t\t\t<p>3 &#8211;&nbsp;<span style=\"color: var( --e-global-color-text ); font-family: var( --e-global-typography-text-font-family ), Sans-serif; font-weight: var( --e-global-typography-text-font-weight ); font-size: 1rem;\">Documentaci\u00f3 per <\/span><span style=\"color: var( --e-global-color-text ); font-family: var( --e-global-typography-text-font-family ), Sans-serif; font-size: 1rem;\"><b>fer-se SOCI de la cooperativa<\/b><\/span><span style=\"color: var( --e-global-color-text ); font-family: var( --e-global-typography-text-font-family ), Sans-serif; font-weight: var( --e-global-typography-text-font-weight ); font-size: 1rem;\">:<\/span><span style=\"color: var( --e-global-color-text ); font-family: var( --e-global-typography-text-font-family ), Sans-serif; font-size: 1rem; font-weight: var( --e-global-typography-text-font-weight );\">&nbsp;<\/span><\/p>\t\t\t\t\t\t\t\t<\/div>\n\t\t\t\t<\/div>\n\t\t\t\t<div class=\"elementor-element elementor-element-5f8dfa4 elementor-tabs-view-horizontal elementor-widget elementor-widget-tabs\" data-id=\"5f8dfa4\" data-element_type=\"widget\" data-e-type=\"widget\" data-widget_type=\"tabs.default\">\n\t\t\t\t<div class=\"elementor-widget-container\">\n\t\t\t\t\t\t\t<div class=\"elementor-tabs\">\n\t\t\t<div class=\"elementor-tabs-wrapper\" role=\"tablist\" >\n\t\t\t\t\t\t\t\t\t<div id=\"elementor-tab-title-1001\" class=\"elementor-tab-title elementor-tab-desktop-title\" aria-selected=\"true\" data-tab=\"1\" role=\"tab\" tabindex=\"0\" aria-controls=\"elementor-tab-content-1001\" aria-expanded=\"false\">Documentaci\u00f3 per emplenar<\/div>\n\t\t\t\t\t\t\t\t\t<div id=\"elementor-tab-title-1002\" class=\"elementor-tab-title elementor-tab-desktop-title\" aria-selected=\"false\" data-tab=\"2\" role=\"tab\" tabindex=\"-1\" aria-controls=\"elementor-tab-content-1002\" aria-expanded=\"false\">Documentaci\u00f3 Informativa<\/div>\n\t\t\t\t\t\t\t<\/div>\n\t\t\t<div class=\"elementor-tabs-content-wrapper\" role=\"tablist\" aria-orientation=\"vertical\">\n\t\t\t\t\t\t\t\t\t<div class=\"elementor-tab-title elementor-tab-mobile-title\" aria-selected=\"true\" data-tab=\"1\" role=\"tab\" tabindex=\"0\" aria-controls=\"elementor-tab-content-1001\" aria-expanded=\"false\">Documentaci\u00f3 per emplenar<\/div>\n\t\t\t\t\t<div id=\"elementor-tab-content-1001\" class=\"elementor-tab-content elementor-clearfix\" data-tab=\"1\" role=\"tabpanel\" aria-labelledby=\"elementor-tab-title-1001\" tabindex=\"0\" hidden=\"false\"><ul style=\"font-size: 16px; background-color: #ffffff;\"><li style=\"font-size: 16px;\"><a href=\"https:\/\/matricula.escolamestral.cat\/wp-content\/uploads\/2022\/05\/Dades-per-fer-se-soci-de-la-cooperativa.pdf\" target=\"_blank\" rel=\"noopener\">Dades per fer-se Soci\u00a0<\/a>(totes les fitxes emplenades i si \u00e9s el cas signades)<\/li><li style=\"font-size: 16px;\"><a href=\"https:\/\/matricula.escolamestral.cat\/wp-content\/uploads\/2022\/05\/Pagaments-per-socis-si-ja-te-germans-a-lescola.pdf\" target=\"_blank\" rel=\"noopener\">Dades socis actius\u00a0<\/a>(si ja t\u00e9 fills\/es a la cooperativa)<\/li><\/ul><\/div>\n\t\t\t\t\t\t\t\t\t<div class=\"elementor-tab-title elementor-tab-mobile-title\" aria-selected=\"false\" data-tab=\"2\" role=\"tab\" tabindex=\"-1\" aria-controls=\"elementor-tab-content-1002\" aria-expanded=\"false\">Documentaci\u00f3 Informativa<\/div>\n\t\t\t\t\t<div id=\"elementor-tab-content-1002\" class=\"elementor-tab-content elementor-clearfix\" data-tab=\"2\" role=\"tabpanel\" aria-labelledby=\"elementor-tab-title-1002\" tabindex=\"0\" hidden=\"hidden\"><ul style=\"background-color: #ffffff;\"><li style=\"font-size: 16px;\"><a style=\"font-family: var( --e-global-typography-text-font-family ), Sans-serif; font-weight: var( --e-global-typography-text-font-weight );\" href=\"https:\/\/matricula.escolamestral.cat\/wp-content\/uploads\/2022\/05\/Informacio-normes-economiques-cooperativa-Infantil.pdf\" target=\"_blank\" rel=\"noopener\">Informaci\u00f3 normes econ\u00f2miques cooperativa &#8211; Infantil<\/a><\/li><li style=\"font-size: 16px;\"><span style=\"background-color: transparent; color: var( --e-global-color-text ); font-family: var( --e-global-typography-text-font-family ), Sans-serif; font-weight: var( --e-global-typography-text-font-weight );\"><a href=\"https:\/\/matricula.escolamestral.cat\/wp-content\/uploads\/2022\/05\/Informacio-normes-economiques-cooperativa-Primaria.pdf\" target=\"_blank\" rel=\"noopener\">Informaci\u00f3 normes econ\u00f2miques cooperativa &#8211; Prim\u00e0ria<\/a><\/span><\/li><li style=\"font-size: 16px;\"><a style=\"background-color: #ffffff;\" href=\"https:\/\/matricula.escolamestral.cat\/wp-content\/uploads\/2022\/05\/Informacio-normes-economiques-cooperativa-ESO.pdf\" target=\"_blank\" rel=\"noopener\">Informaci\u00f3 normes econ\u00f2miques cooperativa &#8211; ESO<\/a><\/li><li style=\"font-size: 16px;\"><a style=\"background-color: #ffffff;\" href=\"https:\/\/matricula.escolamestral.cat\/wp-content\/uploads\/2022\/05\/Informacio-normes-economiques-cooperativa-Batxillerat.pdf\" target=\"_blank\" rel=\"noopener\">Informaci\u00f3 normes econ\u00f2miques cooperativa &#8211; Batxillerat<\/a><\/li><li style=\"font-size: 16px;\"><a href=\"https:\/\/matricula.escolamestral.cat\/wp-content\/uploads\/2022\/06\/Reglament-de-regim-intern.pdf\" target=\"_blank\" rel=\"noopener\">Reglament de r\u00e8gim intern<\/a><\/li><li style=\"font-size: 16px;\"><a href=\"https:\/\/matricula.escolamestral.cat\/wp-content\/uploads\/2022\/06\/Estatus-Escola-Mestral.pdf\" target=\"_blank\" rel=\"noopener\">Estatuts Escola Mestral<\/a><\/li><li><a href=\"https:\/\/matricula.escolamestral.cat\/wp-content\/uploads\/2023\/06\/Fullet_AEC.pdf\" target=\"_blank\" rel=\"noopener\">Tr\u00edptic AEC<\/a><\/li><\/ul><\/div>\n\t\t\t\t\t\t\t<\/div>\n\t\t<\/div>\n\t\t\t\t\t\t<\/div>\n\t\t\t\t<\/div>\n\t\t\t\t\t<\/div>\n\t\t<\/div>\n\t\t\t\t\t<\/div>\n\t\t<\/section>\n\t\t\t\t<section class=\"elementor-section elementor-top-section elementor-element elementor-element-c9c9ffc elementor-section-boxed elementor-section-height-default elementor-section-height-default\" data-id=\"c9c9ffc\" data-element_type=\"section\" data-e-type=\"section\">\n\t\t\t\t\t\t<div class=\"elementor-container elementor-column-gap-default\">\n\t\t\t\t\t<div class=\"elementor-column elementor-col-100 elementor-top-column elementor-element elementor-element-a18c300\" data-id=\"a18c300\" data-element_type=\"column\" data-e-type=\"column\">\n\t\t\t<div class=\"elementor-widget-wrap elementor-element-populated\">\n\t\t\t\t\t\t<div class=\"elementor-element elementor-element-931cfdd elementor-widget elementor-widget-text-editor\" data-id=\"931cfdd\" data-element_type=\"widget\" data-e-type=\"widget\" data-widget_type=\"text-editor.default\">\n\t\t\t\t<div class=\"elementor-widget-container\">\n\t\t\t\t\t\t\t\t\t<p>4 -Seguidament entri el n\u00fam de RALC i cognom de l&#8217;alumne\/a i faci clic a &#8220;Entra&#8221; per poder <b>penjar tots els fitxers\/documents<\/b><\/p>\t\t\t\t\t\t\t\t<\/div>\n\t\t\t\t<\/div>\n\t\t\t\t\t<\/div>\n\t\t<\/div>\n\t\t\t\t\t<\/div>\n\t\t<\/section>\n\t\t\t\t<section class=\"elementor-section elementor-top-section elementor-element elementor-element-2286df6 elementor-section-boxed elementor-section-height-default elementor-section-height-default\" data-id=\"2286df6\" data-element_type=\"section\" data-e-type=\"section\">\n\t\t\t\t\t\t<div class=\"elementor-container elementor-column-gap-default\">\n\t\t\t\t\t<div class=\"elementor-column elementor-col-100 elementor-top-column elementor-element elementor-element-79e2927\" data-id=\"79e2927\" data-element_type=\"column\" data-e-type=\"column\">\n\t\t\t<div class=\"elementor-widget-wrap elementor-element-populated\">\n\t\t\t\t\t\t<div class=\"elementor-element elementor-element-e66595a elementor-widget elementor-widget-wp-widget-login_wid\" data-id=\"e66595a\" data-element_type=\"widget\" data-e-type=\"widget\" data-widget_type=\"wp-widget-login_wid.default\">\n\t\t\t\t<div class=\"elementor-widget-container\">\n\t\t\t\t\t\t\t<script>\r\n\t\t\tfunction closeMessage(){jQuery('.error_wid_login').hide();}\r\n\t\t\tjQuery(document).ready(function () {\r\n\t\t\t\tjQuery('#login').validate({ errorClass: \"lw-error\" });\r\n\t\t\t});\r\n\t\t<\/script>\r\n\t\r\n<div class=\"login-wrap\">\r\n\r\n\t<div id=\"login-form\" class=\"login-form wp-widget-login_wid\">\r\n\r\n\t\t\r\n\t\t\r\n\t\t<form name=\"login\" id=\"login\" method=\"post\" action=\"\" autocomplete=\"off\" >\r\n\r\n\t\t\r\n\t\t<input type=\"hidden\" name=\"option\" value=\"ap_user_login\" \/>\r\n\t\t<input type=\"hidden\" name=\"redirect\" value=\"https:\/\/matricula.escolamestral.cat:443\/index.php?rest_route=%2Fwp%2Fv2%2Fpages%2F5\" \/>\r\n\t\t<div class=\"log-form-group\">\r\n\t\t\t<label for=\"userusername\">RALC <\/label>\r\n\t\t\t<input type=\"text\" name=\"userusername\" id=\"userusername\" title=\"Please enter username\"  required\/>\r\n\t\t<\/div>\r\n\t\t<div class=\"log-form-group\">\r\n\t\t\t<label for=\"userpassword\">Primer cognom de l'alumne\/a <\/label>\r\n\t\t\t<input type=\"password\" name=\"userpassword\" id=\"userpassword\" title=\"Please enter password\"  required\/>\r\n\t\t<\/div>\r\n\r\n\t\t\r\n\t\t\r\n\t\t\r\n\t\t<div class=\"login-submit\"><input name=\"login\" type=\"submit\" value=\"Entra\" \/><\/div>\r\n\r\n\t\t<div class=\"log-form-group extra-links\">\r\n\t\t\t\t\t<\/div>\r\n\r\n\t\t<\/form>\r\n\r\n\t\t\r\n\t\t<\/div>\r\n\r\n<\/div>\r\n\r\n\t\t\t\t<\/div>\n\t\t\t\t<\/div>\n\t\t\t\t<div class=\"elementor-element elementor-element-4acfb45 elementor-widget elementor-widget-shortcode\" data-id=\"4acfb45\" data-element_type=\"widget\" data-e-type=\"widget\" data-widget_type=\"shortcode.default\">\n\t\t\t\t<div class=\"elementor-widget-container\">\n\t\t\t\t\t\t\t<div class=\"elementor-shortcode\"><\/div>\n\t\t\t\t\t\t<\/div>\n\t\t\t\t<\/div>\n\t\t\t\t<div class=\"elementor-element elementor-element-67ada07 elementor-widget elementor-widget-shortcode\" data-id=\"67ada07\" data-element_type=\"widget\" data-e-type=\"widget\" data-widget_type=\"shortcode.default\">\n\t\t\t\t<div class=\"elementor-widget-container\">\n\t\t\t\t\t\t\t<div class=\"elementor-shortcode\"><\/div>\n\t\t\t\t\t\t<\/div>\n\t\t\t\t<\/div>\n\t\t\t\t\t<\/div>\n\t\t<\/div>\n\t\t\t\t\t<\/div>\n\t\t<\/section>\n\t\t\t\t<section class=\"elementor-section elementor-top-section elementor-element elementor-element-f5cec98 elementor-section-boxed elementor-section-height-default elementor-section-height-default\" data-id=\"f5cec98\" data-element_type=\"section\" data-e-type=\"section\">\n\t\t\t\t\t\t<div class=\"elementor-container elementor-column-gap-default\">\n\t\t\t\t\t<div class=\"elementor-column elementor-col-100 elementor-top-column elementor-element elementor-element-365475e\" data-id=\"365475e\" data-element_type=\"column\" data-e-type=\"column\">\n\t\t\t<div class=\"elementor-widget-wrap elementor-element-populated\">\n\t\t\t\t\t\t<div class=\"elementor-element elementor-element-278430a elementor-widget-divider--view-line elementor-widget elementor-widget-divider\" data-id=\"278430a\" data-element_type=\"widget\" data-e-type=\"widget\" data-widget_type=\"divider.default\">\n\t\t\t\t<div class=\"elementor-widget-container\">\n\t\t\t\t\t\t\t<div class=\"elementor-divider\">\n\t\t\t<span class=\"elementor-divider-separator\">\n\t\t\t\t\t\t<\/span>\n\t\t<\/div>\n\t\t\t\t\t\t<\/div>\n\t\t\t\t<\/div>\n\t\t\t\t\t<\/div>\n\t\t<\/div>\n\t\t\t\t\t<\/div>\n\t\t<\/section>\n\t\t\t\t<\/div>\n\t\t","protected":false},"excerpt":{"rendered":"<p>Curs 2025-2026 Intercanvi de dades Matr\u00edcula Els preguem lliurin a trav\u00e9s d&#8217;aquesta plataforma de l&#8217;Escola del 25 de juny al 3 de juliol (Infantil, Prim\u00e0ria, ESO i Batxillerat) aquesta documentaci\u00f3 emplenada i si cal signada, per poder formalitzar la matr\u00edcula del seu fill\/a. Dels documents descarregables en trobareu uns d&#8217;informatius i d&#8217;altres emplenables, pengin \u00fanicament [&hellip;]<\/p>\n","protected":false},"author":1,"featured_media":0,"parent":0,"menu_order":0,"comment_status":"closed","ping_status":"closed","template":"","meta":{"footnotes":""},"class_list":["post-5","page","type-page","status-publish","hentry"],"_links":{"self":[{"href":"https:\/\/matricula.escolamestral.cat\/index.php?rest_route=\/wp\/v2\/pages\/5","targetHints":{"allow":["GET"]}}],"collection":[{"href":"https:\/\/matricula.escolamestral.cat\/index.php?rest_route=\/wp\/v2\/pages"}],"about":[{"href":"https:\/\/matricula.escolamestral.cat\/index.php?rest_route=\/wp\/v2\/types\/page"}],"author":[{"embeddable":true,"href":"https:\/\/matricula.escolamestral.cat\/index.php?rest_route=\/wp\/v2\/users\/1"}],"replies":[{"embeddable":true,"href":"https:\/\/matricula.escolamestral.cat\/index.php?rest_route=%2Fwp%2Fv2%2Fcomments&post=5"}],"version-history":[{"count":196,"href":"https:\/\/matricula.escolamestral.cat\/index.php?rest_route=\/wp\/v2\/pages\/5\/revisions"}],"predecessor-version":[{"id":270,"href":"https:\/\/matricula.escolamestral.cat\/index.php?rest_route=\/wp\/v2\/pages\/5\/revisions\/270"}],"wp:attachment":[{"href":"https:\/\/matricula.escolamestral.cat\/index.php?rest_route=%2Fwp%2Fv2%2Fmedia&parent=5"}],"curies":[{"name":"wp","href":"https:\/\/api.w.org\/{rel}","templated":true}]}}